{"id":264,"date":"2025-03-28T07:45:45","date_gmt":"2025-03-28T07:45:45","guid":{"rendered":"https:\/\/execor.vamtam.com\/?page_id=264"},"modified":"2026-05-01T06:29:48","modified_gmt":"2026-05-01T04:29:48","slug":"contact","status":"publish","type":"page","link":"https:\/\/transpayplus.com\/?page_id=264","title":{"rendered":"Contactez-nous"},"content":{"rendered":"\t\t<div data-elementor-type=\"wp-page\" data-elementor-id=\"264\" class=\"elementor elementor-264\" data-elementor-post-type=\"page\">\n\t\t\t\t<div class=\"elementor-element elementor-element-3f29e6b e-flex e-con-boxed e-con e-parent\" data-id=\"3f29e6b\" data-element_type=\"container\" data-e-type=\"container\">\n\t\t\t\t\t<div class=\"e-con-inner\">\n\t\t<a class=\"elementor-element elementor-element-24158a7 elementor-invisible e-con-full animated-fast e-flex e-con e-child\" data-id=\"24158a7\" data-element_type=\"container\" data-e-type=\"container\" data-settings=\"{&quot;background_background&quot;:&quot;classic&quot;,&quot;animation&quot;:&quot;fadeIn&quot;,&quot;animation_delay&quot;:100}\" href=\"mailto:office@execor.com?subject=Hello\">\n\t\t\t\t<div class=\"elementor-element elementor-element-d80a703 elementor-view-stacked elementor-shape-rounded elementor-position-left elementor-mobile-position-left elementor-widget-mobile__width-initial elementor-widget elementor-widget-icon-box\" data-id=\"d80a703\" data-element_type=\"widget\" data-e-type=\"widget\" data-widget_type=\"icon-box.default\">\n\t\t\t\t<div class=\"elementor-widget-container\">\n\t\t\t\t\t\t\t<div class=\"elementor-icon-box-wrapper\">\n\n\t\t\t\t\t\t<div class=\"elementor-icon-box-icon\">\n\t\t\t\t<span  class=\"elementor-icon\">\n\t\t\t\t<i aria-hidden=\"true\" class=\"vamtamtheme- vamtam-theme-email\"><\/i>\t\t\t\t<\/span>\n\t\t\t<\/div>\n\t\t\t\n\t\t\t\t\t\t<div class=\"elementor-icon-box-content\">\n\n\t\t\t\t\t\t\t\t\t<h6 class=\"elementor-icon-box-title\">\n\t\t\t\t\t\t<span  >\n\t\t\t\t\t\t\t\u00c9crivez-nous :\t\t\t\t\t\t<\/span>\n\t\t\t\t\t<\/h6>\n\t\t\t\t\n\t\t\t\t\t\t\t\t\t<p class=\"elementor-icon-box-description\">\n\t\t\t\t\t\tcontact@transpayplus.com\t\t\t\t\t<\/p>\n\t\t\t\t\n\t\t\t<\/div>\n\t\t\t\n\t\t<\/div>\n\t\t\t\t\t\t<\/div>\n\t\t\t\t<\/div>\n\t\t\t\t<div class=\"vamtam-has-theme-widget-styles elementor-element elementor-element-8a386a6 elementor-view-default elementor-widget elementor-widget-icon\" data-id=\"8a386a6\" data-element_type=\"widget\" data-e-type=\"widget\" data-widget_type=\"icon.default\">\n\t\t\t\t<div class=\"elementor-widget-container\">\n\t\t\t\t\t\t\t<div class=\"elementor-icon-wrapper\">\n\t\t\t<div class=\"elementor-icon\">\n\t\t\t<i aria-hidden=\"true\" class=\"vamtamtheme- vamtam-theme-arrow-right\"><\/i>\t\t\t<\/div>\n\t\t<\/div>\n\t\t\t\t\t\t<\/div>\n\t\t\t\t<\/div>\n\t\t\t\t<\/a>\n\t\t\t\t\t<\/div>\n\t\t\t\t<\/div>\n\t\t<div class=\"elementor-element elementor-element-f42b010 e-flex e-con-boxed e-con e-parent\" data-id=\"f42b010\" data-element_type=\"container\" data-e-type=\"container\">\n\t\t\t\t\t<div class=\"e-con-inner\">\n\t\t<div class=\"elementor-element elementor-element-e073021 e-con-full e-flex e-con e-child\" data-id=\"e073021\" data-element_type=\"container\" data-e-type=\"container\">\n\t\t\t\t<div class=\"elementor-element elementor-element-b696314 elementor-invisible animated-fast elementor-widget elementor-widget-heading\" data-id=\"b696314\" data-element_type=\"widget\" data-e-type=\"widget\" data-settings=\"{&quot;_animation&quot;:&quot;slideInUp&quot;}\" data-widget_type=\"heading.default\">\n\t\t\t\t<div class=\"elementor-widget-container\">\n\t\t\t\t\t<span class=\"elementor-heading-title elementor-size-default\">V\u00e9rification CEE Gratuite<\/span>\t\t\t\t<\/div>\n\t\t\t\t<\/div>\n\t\t\t\t<div class=\"elementor-element elementor-element-cab4633 elementor-invisible elementor-widget__width-initial elementor-widget-tablet__width-inherit animated-fast elementor-widget elementor-widget-heading\" data-id=\"cab4633\" data-element_type=\"widget\" data-e-type=\"widget\" data-settings=\"{&quot;_animation&quot;:&quot;slideInUp&quot;,&quot;_animation_delay&quot;:50}\" data-widget_type=\"heading.default\">\n\t\t\t\t<div class=\"elementor-widget-container\">\n\t\t\t\t\t<h2 class=\"elementor-heading-title elementor-size-default\">Votre b\u00e2timent est-il \u00e9ligible \u00e0 l'installation \u00e0 0\u20ac ?<\/h2>\t\t\t\t<\/div>\n\t\t\t\t<\/div>\n\t\t\t\t<div class=\"elementor-element elementor-element-0faff4e elementor-invisible elementor-widget-tablet__width-initial animated-fast elementor-widget elementor-widget-heading\" data-id=\"0faff4e\" data-element_type=\"widget\" data-e-type=\"widget\" data-settings=\"{&quot;_animation&quot;:&quot;fadeIn&quot;,&quot;_animation_delay&quot;:200}\" data-widget_type=\"heading.default\">\n\t\t\t\t<div class=\"elementor-widget-container\">\n\t\t\t\t\t<span class=\"elementor-heading-title elementor-size-default\">Remplissez le formulaire, notre expert v\u00e9rifie gratuitement votre \u00e9ligibilit\u00e9 CEE et vous contacte sous 24h, sans engagement.<\/span>\t\t\t\t<\/div>\n\t\t\t\t<\/div>\n\t\t<div class=\"elementor-element elementor-element-d3817c2 e-con-full e-flex e-con e-child\" data-id=\"d3817c2\" data-element_type=\"container\" data-e-type=\"container\">\n\t\t<a class=\"elementor-element elementor-element-bf13a2c e-con-full e-flex e-con e-child\" data-id=\"bf13a2c\" data-element_type=\"container\" data-e-type=\"container\" data-settings=\"{&quot;background_background&quot;:&quot;classic&quot;}\" href=\"mailto:careers@execor.com?subject=Hello\" target=\"_blank\">\n\t\t\t\t<div class=\"elementor-element elementor-element-104172f elementor-view-stacked elementor-shape-rounded elementor-position-left elementor-widget-mobile__width-initial elementor-widget elementor-widget-icon-box\" data-id=\"104172f\" data-element_type=\"widget\" data-e-type=\"widget\" data-widget_type=\"icon-box.default\">\n\t\t\t\t<div class=\"elementor-widget-container\">\n\t\t\t\t\t\t\t<div class=\"elementor-icon-box-wrapper\">\n\n\t\t\t\t\t\t<div class=\"elementor-icon-box-icon\">\n\t\t\t\t<span  class=\"elementor-icon\">\n\t\t\t\t<i aria-hidden=\"true\" class=\"vamtamtheme- vamtam-theme-email\"><\/i>\t\t\t\t<\/span>\n\t\t\t<\/div>\n\t\t\t\n\t\t\t\t\t\t<div class=\"elementor-icon-box-content\">\n\n\t\t\t\t\t\t\t\t\t<h6 class=\"elementor-icon-box-title\">\n\t\t\t\t\t\t<span  >\n\t\t\t\t\t\t\tInstallation \u00e0 0\u20ac via les CEE \u2014 fiche BAR-TH-142\t\t\t\t\t\t<\/span>\n\t\t\t\t\t<\/h6>\n\t\t\t\t\n\t\t\t\t\n\t\t\t<\/div>\n\t\t\t\n\t\t<\/div>\n\t\t\t\t\t\t<\/div>\n\t\t\t\t<\/div>\n\t\t\t\t<div class=\"vamtam-has-theme-widget-styles elementor-element elementor-element-3585133 elementor-view-default elementor-widget elementor-widget-icon\" data-id=\"3585133\" data-element_type=\"widget\" data-e-type=\"widget\" data-widget_type=\"icon.default\">\n\t\t\t\t<div class=\"elementor-widget-container\">\n\t\t\t\t\t\t\t<div class=\"elementor-icon-wrapper\">\n\t\t\t<div class=\"elementor-icon\">\n\t\t\t<i aria-hidden=\"true\" class=\"vamtamtheme- vamtam-theme-arrow-right\"><\/i>\t\t\t<\/div>\n\t\t<\/div>\n\t\t\t\t\t\t<\/div>\n\t\t\t\t<\/div>\n\t\t\t\t<\/a>\n\t\t<a class=\"elementor-element elementor-element-8493574 e-con-full e-flex e-con e-child\" data-id=\"8493574\" data-element_type=\"container\" data-e-type=\"container\" data-settings=\"{&quot;background_background&quot;:&quot;classic&quot;}\" href=\"mailto:info@execor.com?subject=Hello\" target=\"_blank\">\n\t\t\t\t<div class=\"elementor-element elementor-element-6dbdb1b elementor-view-stacked elementor-shape-rounded elementor-position-left elementor-widget-mobile__width-initial elementor-widget elementor-widget-icon-box\" data-id=\"6dbdb1b\" data-element_type=\"widget\" data-e-type=\"widget\" data-widget_type=\"icon-box.default\">\n\t\t\t\t<div class=\"elementor-widget-container\">\n\t\t\t\t\t\t\t<div class=\"elementor-icon-box-wrapper\">\n\n\t\t\t\t\t\t<div class=\"elementor-icon-box-icon\">\n\t\t\t\t<span  class=\"elementor-icon\">\n\t\t\t\t<i aria-hidden=\"true\" class=\"vamtamtheme- vamtam-theme-email\"><\/i>\t\t\t\t<\/span>\n\t\t\t<\/div>\n\t\t\t\n\t\t\t\t\t\t<div class=\"elementor-icon-box-content\">\n\n\t\t\t\t\t\t\t\t\t<h6 class=\"elementor-icon-box-title\">\n\t\t\t\t\t\t<span  >\n\t\t\t\t\t\t\t\u00c9conomies jusqu'\u00e0 30% sur votre chauffage\t\t\t\t\t\t<\/span>\n\t\t\t\t\t<\/h6>\n\t\t\t\t\n\t\t\t\t\n\t\t\t<\/div>\n\t\t\t\n\t\t<\/div>\n\t\t\t\t\t\t<\/div>\n\t\t\t\t<\/div>\n\t\t\t\t<div class=\"vamtam-has-theme-widget-styles elementor-element elementor-element-b07df0b elementor-view-default elementor-widget elementor-widget-icon\" data-id=\"b07df0b\" data-element_type=\"widget\" data-e-type=\"widget\" data-widget_type=\"icon.default\">\n\t\t\t\t<div class=\"elementor-widget-container\">\n\t\t\t\t\t\t\t<div class=\"elementor-icon-wrapper\">\n\t\t\t<div class=\"elementor-icon\">\n\t\t\t<i aria-hidden=\"true\" class=\"vamtamtheme- vamtam-theme-arrow-right\"><\/i>\t\t\t<\/div>\n\t\t<\/div>\n\t\t\t\t\t\t<\/div>\n\t\t\t\t<\/div>\n\t\t\t\t<\/a>\n\t\t<a class=\"elementor-element elementor-element-1ab46f8 e-con-full e-flex e-con e-child\" data-id=\"1ab46f8\" data-element_type=\"container\" data-e-type=\"container\" data-settings=\"{&quot;background_background&quot;:&quot;classic&quot;}\" href=\"https:\/\/transpayplus.com\/?page_id=266\" target=\"_blank\">\n\t\t\t\t<div class=\"elementor-element elementor-element-fbde72a elementor-view-stacked elementor-shape-rounded elementor-position-left elementor-widget-mobile__width-initial elementor-widget elementor-widget-icon-box\" data-id=\"fbde72a\" data-element_type=\"widget\" data-e-type=\"widget\" data-widget_type=\"icon-box.default\">\n\t\t\t\t<div class=\"elementor-widget-container\">\n\t\t\t\t\t\t\t<div class=\"elementor-icon-box-wrapper\">\n\n\t\t\t\t\t\t<div class=\"elementor-icon-box-icon\">\n\t\t\t\t<span  class=\"elementor-icon\">\n\t\t\t\t<i aria-hidden=\"true\" class=\"vamtamtheme- vamtam-theme-team\"><\/i>\t\t\t\t<\/span>\n\t\t\t<\/div>\n\t\t\t\n\t\t\t\t\t\t<div class=\"elementor-icon-box-content\">\n\n\t\t\t\t\t\t\t\t\t<h6 class=\"elementor-icon-box-title\">\n\t\t\t\t\t\t<span  >\n\t\t\t\t\t\t\tTechnicien sur site sous 48h apr\u00e8s validation\t\t\t\t\t\t<\/span>\n\t\t\t\t\t<\/h6>\n\t\t\t\t\n\t\t\t\t\n\t\t\t<\/div>\n\t\t\t\n\t\t<\/div>\n\t\t\t\t\t\t<\/div>\n\t\t\t\t<\/div>\n\t\t\t\t<div class=\"vamtam-has-theme-widget-styles elementor-element elementor-element-a280728 elementor-view-default elementor-widget elementor-widget-icon\" data-id=\"a280728\" data-element_type=\"widget\" data-e-type=\"widget\" data-widget_type=\"icon.default\">\n\t\t\t\t<div class=\"elementor-widget-container\">\n\t\t\t\t\t\t\t<div class=\"elementor-icon-wrapper\">\n\t\t\t<div class=\"elementor-icon\">\n\t\t\t<i aria-hidden=\"true\" class=\"vamtamtheme- vamtam-theme-arrow-right\"><\/i>\t\t\t<\/div>\n\t\t<\/div>\n\t\t\t\t\t\t<\/div>\n\t\t\t\t<\/div>\n\t\t\t\t<\/a>\n\t\t\t\t<\/div>\n\t\t\t\t<\/div>\n\t\t<div class=\"elementor-element elementor-element-87d86db e-con-full e-flex e-con e-child\" data-id=\"87d86db\" data-element_type=\"container\" data-e-type=\"container\">\n\t\t<div class=\"elementor-element elementor-element-dfdaf3f elementor-invisible e-con-full animated-fast e-flex e-con e-child\" data-id=\"dfdaf3f\" data-element_type=\"container\" data-e-type=\"container\" data-settings=\"{&quot;background_background&quot;:&quot;classic&quot;,&quot;animation&quot;:&quot;slideInUp&quot;}\">\n\t\t\t\t<div class=\"elementor-element elementor-element-22680cf elementor-widget elementor-widget-heading\" data-id=\"22680cf\" data-element_type=\"widget\" data-e-type=\"widget\" data-widget_type=\"heading.default\">\n\t\t\t\t<div class=\"elementor-widget-container\">\n\t\t\t\t\t<h5 class=\"elementor-heading-title elementor-size-default\">Formulaire<\/h5>\t\t\t\t<\/div>\n\t\t\t\t<\/div>\n\t\t\t\t<div class=\"vamtam-has-theme-widget-styles elementor-element elementor-element-bf98b48 elementor-invisible elementor-absolute animated-fast elementor-view-default elementor-widget elementor-widget-icon\" data-id=\"bf98b48\" data-element_type=\"widget\" data-e-type=\"widget\" data-settings=\"{&quot;_position&quot;:&quot;absolute&quot;,&quot;_animation&quot;:&quot;slideInLeft&quot;,&quot;_animation_delay&quot;:50}\" data-widget_type=\"icon.default\">\n\t\t\t\t<div class=\"elementor-widget-container\">\n\t\t\t\t\t\t\t<div class=\"elementor-icon-wrapper\">\n\t\t\t<div class=\"elementor-icon\">\n\t\t\t<i aria-hidden=\"true\" class=\"vamtamtheme- vamtam-theme-send\"><\/i>\t\t\t<\/div>\n\t\t<\/div>\n\t\t\t\t\t\t<\/div>\n\t\t\t\t<\/div>\n\t\t\t\t<\/div>\n\t\t<div class=\"elementor-element elementor-element-8aa0422 e-con-full e-flex e-con e-child\" data-id=\"8aa0422\" data-element_type=\"container\" data-e-type=\"container\" data-settings=\"{&quot;background_background&quot;:&quot;classic&quot;}\">\n\t\t\t\t<div class=\"elementor-element elementor-element-7eb3ab0 elementor-widget-divider--view-line elementor-widget elementor-widget-divider\" data-id=\"7eb3ab0\" data-element_type=\"widget\" data-e-type=\"widget\" data-widget_type=\"divider.default\">\n\t\t\t\t<div class=\"elementor-widget-container\">\n\t\t\t\t\t\t\t<div class=\"elementor-divider\">\n\t\t\t<span class=\"elementor-divider-separator\">\n\t\t\t\t\t\t<\/span>\n\t\t<\/div>\n\t\t\t\t\t\t<\/div>\n\t\t\t\t<\/div>\n\t\t\t\t<div class=\"elementor-element elementor-element-1daace1 elementor-widget elementor-widget-shortcode\" data-id=\"1daace1\" data-element_type=\"widget\" data-e-type=\"widget\" data-widget_type=\"shortcode.default\">\n\t\t\t\t<div class=\"elementor-widget-container\">\n\t\t\t\t\t\t\t<div class=\"elementor-shortcode\">\n<div class=\"wpcf7 no-js\" id=\"wpcf7-f987958-o1\" lang=\"fr-FR\" dir=\"ltr\" data-wpcf7-id=\"987958\">\n<div class=\"screen-reader-response\"><p role=\"status\" aria-live=\"polite\" aria-atomic=\"true\"><\/p> <ul><\/ul><\/div>\n<form action=\"\/index.php?rest_route=%2Fwp%2Fv2%2Fpages%2F264#wpcf7-f987958-o1\" method=\"post\" class=\"wpcf7-form init\" aria-label=\"Formulaire de contact\" novalidate=\"novalidate\" data-status=\"init\">\n<fieldset class=\"hidden-fields-container\"><input type=\"hidden\" name=\"_wpcf7\" value=\"987958\" \/><input type=\"hidden\" name=\"_wpcf7_version\" value=\"6.1.5\" \/><input type=\"hidden\" name=\"_wpcf7_locale\" value=\"fr_FR\" \/><input type=\"hidden\" name=\"_wpcf7_unit_tag\" value=\"wpcf7-f987958-o1\" \/><input type=\"hidden\" name=\"_wpcf7_container_post\" value=\"0\" \/><input type=\"hidden\" name=\"_wpcf7_posted_data_hash\" value=\"\" \/>\n<\/fieldset>\n<div class=\"tpp-form-grid\">\n\t<div class=\"tpp-field-group tpp-half\">\n\t\t<p><label>Pr\u00e9nom *<\/label><br \/>\n<span class=\"wpcf7-form-control-wrap\" data-name=\"prenom\"><input size=\"40\" maxlength=\"400\" class=\"wpcf7-form-control wpcf7-text wpcf7-validates-as-required\" aria-required=\"true\" aria-invalid=\"false\" placeholder=\"Jean\" value=\"\" type=\"text\" name=\"prenom\" \/><\/span>\n\t\t<\/p>\n\t<\/div>\n\t<div class=\"tpp-field-group tpp-half\">\n\t\t<p><label>Nom *<\/label><br \/>\n<span class=\"wpcf7-form-control-wrap\" data-name=\"nom\"><input size=\"40\" maxlength=\"400\" class=\"wpcf7-form-control wpcf7-text wpcf7-validates-as-required\" aria-required=\"true\" aria-invalid=\"false\" placeholder=\"Dupont\" value=\"\" type=\"text\" name=\"nom\" \/><\/span>\n\t\t<\/p>\n\t<\/div>\n\t<div class=\"tpp-field-group tpp-half\">\n\t\t<p><label>Email *<\/label><br \/>\n<span class=\"wpcf7-form-control-wrap\" data-name=\"email\"><input size=\"40\" maxlength=\"400\" class=\"wpcf7-form-control wpcf7-email wpcf7-validates-as-required wpcf7-text wpcf7-validates-as-email\" aria-required=\"true\" aria-invalid=\"false\" placeholder=\"\" value=\"\" type=\"email\" name=\"email\" \/><\/span>\n\t\t<\/p>\n\t<\/div>\n\t<div class=\"tpp-field-group tpp-half\">\n\t\t<p><label>T\u00e9l\u00e9phone *<\/label><br \/>\n<span class=\"wpcf7-form-control-wrap\" data-name=\"telephone\"><input size=\"40\" maxlength=\"400\" class=\"wpcf7-form-control wpcf7-tel wpcf7-validates-as-required wpcf7-text wpcf7-validates-as-tel\" aria-required=\"true\" aria-invalid=\"false\" placeholder=\"+33 6 XX XX XX XX\" value=\"\" type=\"tel\" name=\"telephone\" \/><\/span>\n\t\t<\/p>\n\t<\/div>\n\t<div class=\"tpp-field-group tpp-half\">\n\t\t<p><label>Soci\u00e9t\u00e9 \/ Entreprise *<\/label><br \/>\n<span class=\"wpcf7-form-control-wrap\" data-name=\"societe\"><input size=\"40\" maxlength=\"400\" class=\"wpcf7-form-control wpcf7-text wpcf7-validates-as-required\" aria-required=\"true\" aria-invalid=\"false\" placeholder=\"\" value=\"\" type=\"text\" name=\"societe\" \/><\/span>\n\t\t<\/p>\n\t<\/div>\n\t<div class=\"tpp-field-group tpp-half\">\n\t\t<p><label>Type de b\u00e2timent *<\/label><br \/>\n<span class=\"wpcf7-form-control-wrap\" data-name=\"type_batiment\"><select class=\"wpcf7-form-control wpcf7-select wpcf7-validates-as-required\" aria-required=\"true\" aria-invalid=\"false\" name=\"type_batiment\"><option value=\"Entrep\u00f4t \/ Logistique\">Entrep\u00f4t \/ Logistique<\/option><option value=\"Atelier industriel\">Atelier industriel<\/option><option value=\"Surface commerciale\">Surface commerciale<\/option><option value=\"B\u00e2timent agricole\">B\u00e2timent agricole<\/option><option value=\"Concession automobile\">Concession automobile<\/option><option value=\"D\u00e9p\u00f4t BTP\">D\u00e9p\u00f4t BTP<\/option><option value=\"Hall agroalimentaire\">Hall agroalimentaire<\/option><option value=\"Salle de sport\">Salle de sport<\/option><option value=\"Salle \u00e9v\u00e9nementielle\">Salle \u00e9v\u00e9nementielle<\/option><option value=\"Autre\">Autre<\/option><\/select><\/span>\n\t\t<\/p>\n\t<\/div>\n\t<div class=\"tpp-field-group tpp-half\">\n\t\t<p><label>Hauteur sous plafond *<\/label><br \/>\n<span class=\"wpcf7-form-control-wrap\" data-name=\"hauteur\"><select class=\"wpcf7-form-control wpcf7-select wpcf7-validates-as-required\" aria-required=\"true\" aria-invalid=\"false\" name=\"hauteur\"><option value=\"5 \u00e0 7 m\u00e8tres\">5 \u00e0 7 m\u00e8tres<\/option><option value=\"7 \u00e0 10 m\u00e8tres\">7 \u00e0 10 m\u00e8tres<\/option><option value=\"10 \u00e0 15 m\u00e8tres\">10 \u00e0 15 m\u00e8tres<\/option><option value=\"Plus de 15 m\u00e8tres\">Plus de 15 m\u00e8tres<\/option><option value=\"Je ne sais pas\">Je ne sais pas<\/option><\/select><\/span>\n\t\t<\/p>\n\t<\/div>\n\t<div class=\"tpp-field-group tpp-half\">\n\t\t<p><label>R\u00e9gion<\/label><br \/>\n<span class=\"wpcf7-form-control-wrap\" data-name=\"region\"><select class=\"wpcf7-form-control wpcf7-select\" aria-invalid=\"false\" name=\"region\"><option value=\"\u00cele-de-France\">\u00cele-de-France<\/option><option value=\"Hauts-de-France\">Hauts-de-France<\/option><option value=\"Auvergne-Rh\u00f4ne-Alpes\">Auvergne-Rh\u00f4ne-Alpes<\/option><option value=\"Grand Est\">Grand Est<\/option><option value=\"Normandie\">Normandie<\/option><option value=\"Pays de la Loire\">Pays de la Loire<\/option><option value=\"Bretagne\">Bretagne<\/option><option value=\"Occitanie\">Occitanie<\/option><option value=\"Nouvelle-Aquitaine\">Nouvelle-Aquitaine<\/option><option value=\"PACA\">PACA<\/option><option value=\"Bourgogne-Franche-Comt\u00e9\">Bourgogne-Franche-Comt\u00e9<\/option><option value=\"Centre-Val de Loire\">Centre-Val de Loire<\/option><option value=\"Corse\">Corse<\/option><option value=\"DOMTOM\">DOMTOM<\/option><option value=\"Autre\">Autre<\/option><\/select><\/span>\n\t\t<\/p>\n\t<\/div>\n\t<div class=\"tpp-field-group tpp-full\">\n\t\t<p><input class=\"wpcf7-form-control wpcf7-submit has-spinner\" type=\"submit\" value=\"Envoyer \u2192\" \/>\n\t\t<\/p>\n\t<\/div>\n<\/div><div class=\"wpcf7-response-output\" aria-hidden=\"true\"><\/div>\n<\/form>\n<\/div>\n<\/div>\n\t\t\t\t\t\t<\/div>\n\t\t\t\t<\/div>\n\t\t\t\t<\/div>\n\t\t\t\t<\/div>\n\t\t\t\t\t<\/div>\n\t\t\t\t<\/div>\n\t\t<div class=\"elementor-element elementor-element-9a69cb3 e-con-full elementor-hidden-desktop elementor-hidden-tablet elementor-hidden-mobile e-flex e-con e-parent\" data-id=\"9a69cb3\" data-element_type=\"container\" data-e-type=\"container\">\n\t\t\t\t<div class=\"elementor-element elementor-element-0e8d2af elementor-widget elementor-widget-google_maps\" data-id=\"0e8d2af\" data-element_type=\"widget\" data-e-type=\"widget\" data-widget_type=\"google_maps.default\">\n\t\t\t\t<div class=\"elementor-widget-container\">\n\t\t\t\t\t\t\t<div class=\"elementor-custom-embed\">\n\t\t\t<iframe loading=\"lazy\"\n\t\t\t\t\t\n\t\t\t\t\ttitle=\"h&amp;j Auto Export LLC\"\n\t\t\t\t\taria-label=\"h&amp;j Auto Export LLC\"\n\t\t\t class=\"lws-optimize-lazyload\" data-src=\"https:\/\/maps.google.com\/maps?q=h%26j%20Auto%20Export%20LLC&#038;t=m&#038;z=14&#038;output=embed&#038;iwloc=near\"><\/iframe>\n\t\t<\/div>\n\t\t\t\t\t\t<\/div>\n\t\t\t\t<\/div>\n\t\t\t\t<\/div>\n\t\t\t\t<\/div>\n\t\t","protected":false},"excerpt":{"rendered":"<p>We Look Forward to Connecting With You<\/p>\n","protected":false},"author":1,"featured_media":0,"parent":0,"menu_order":0,"comment_status":"closed","ping_status":"closed","template":"","meta":{"footnotes":""},"class_list":["post-264","page","type-page","status-publish","hentry"],"yoast_head":"<!-- This site is optimized with the Yoast SEO plugin v27.5 - https:\/\/yoast.com\/product\/yoast-seo-wordpress\/ -->\n<title>Contactez-nous - Transpay<\/title>\n<meta name=\"robots\" content=\"index, follow, max-snippet:-1, max-image-preview:large, max-video-preview:-1\" \/>\n<link rel=\"canonical\" href=\"https:\/\/transpayplus.com\/?page_id=264\" \/>\n<meta property=\"og:locale\" content=\"fr_FR\" \/>\n<meta property=\"og:type\" content=\"article\" \/>\n<meta property=\"og:title\" content=\"Contactez-nous - Transpay\" \/>\n<meta property=\"og:description\" content=\"We Look Forward to Connecting With You\" \/>\n<meta property=\"og:url\" content=\"https:\/\/transpayplus.com\/?page_id=264\" \/>\n<meta property=\"og:site_name\" content=\"Transpay\" \/>\n<meta property=\"article:modified_time\" content=\"2026-05-01T04:29:48+00:00\" \/>\n<meta name=\"twitter:card\" content=\"summary_large_image\" \/>\n<script type=\"application\/ld+json\" class=\"yoast-schema-graph\">{\"@context\":\"https:\\\/\\\/schema.org\",\"@graph\":[{\"@type\":\"WebPage\",\"@id\":\"https:\\\/\\\/transpayplus.com\\\/?page_id=264\",\"url\":\"https:\\\/\\\/transpayplus.com\\\/?page_id=264\",\"name\":\"Contactez-nous - Transpay\",\"isPartOf\":{\"@id\":\"https:\\\/\\\/transpayplus.com\\\/#website\"},\"datePublished\":\"2025-03-28T07:45:45+00:00\",\"dateModified\":\"2026-05-01T04:29:48+00:00\",\"breadcrumb\":{\"@id\":\"https:\\\/\\\/transpayplus.com\\\/?page_id=264#breadcrumb\"},\"inLanguage\":\"fr-FR\",\"potentialAction\":[{\"@type\":\"ReadAction\",\"target\":[\"https:\\\/\\\/transpayplus.com\\\/?page_id=264\"]}]},{\"@type\":\"BreadcrumbList\",\"@id\":\"https:\\\/\\\/transpayplus.com\\\/?page_id=264#breadcrumb\",\"itemListElement\":[{\"@type\":\"ListItem\",\"position\":1,\"name\":\"Accueil\",\"item\":\"https:\\\/\\\/transpayplus.com\\\/\"},{\"@type\":\"ListItem\",\"position\":2,\"name\":\"Contactez-nous\"}]},{\"@type\":\"WebSite\",\"@id\":\"https:\\\/\\\/transpayplus.com\\\/#website\",\"url\":\"https:\\\/\\\/transpayplus.com\\\/\",\"name\":\"Transpay\",\"description\":\"\",\"publisher\":{\"@id\":\"https:\\\/\\\/transpayplus.com\\\/#organization\"},\"potentialAction\":[{\"@type\":\"SearchAction\",\"target\":{\"@type\":\"EntryPoint\",\"urlTemplate\":\"https:\\\/\\\/transpayplus.com\\\/?s={search_term_string}\"},\"query-input\":{\"@type\":\"PropertyValueSpecification\",\"valueRequired\":true,\"valueName\":\"search_term_string\"}}],\"inLanguage\":\"fr-FR\"},{\"@type\":\"Organization\",\"@id\":\"https:\\\/\\\/transpayplus.com\\\/#organization\",\"name\":\"Transpay\",\"url\":\"https:\\\/\\\/transpayplus.com\\\/\",\"logo\":{\"@type\":\"ImageObject\",\"inLanguage\":\"fr-FR\",\"@id\":\"https:\\\/\\\/transpayplus.com\\\/#\\\/schema\\\/logo\\\/image\\\/\",\"url\":\"https:\\\/\\\/transpayplus.com\\\/wp-content\\\/uploads\\\/2026\\\/04\\\/cropped-logo-trans-2.png\",\"contentUrl\":\"https:\\\/\\\/transpayplus.com\\\/wp-content\\\/uploads\\\/2026\\\/04\\\/cropped-logo-trans-2.png\",\"width\":203,\"height\":34,\"caption\":\"Transpay\"},\"image\":{\"@id\":\"https:\\\/\\\/transpayplus.com\\\/#\\\/schema\\\/logo\\\/image\\\/\"}}]}<\/script>\n<!-- \/ Yoast SEO plugin. -->","yoast_head_json":{"title":"Contactez-nous - Transpay","robots":{"index":"index","follow":"follow","max-snippet":"max-snippet:-1","max-image-preview":"max-image-preview:large","max-video-preview":"max-video-preview:-1"},"canonical":"https:\/\/transpayplus.com\/?page_id=264","og_locale":"fr_FR","og_type":"article","og_title":"Contactez-nous - Transpay","og_description":"We Look Forward to Connecting With You","og_url":"https:\/\/transpayplus.com\/?page_id=264","og_site_name":"Transpay","article_modified_time":"2026-05-01T04:29:48+00:00","twitter_card":"summary_large_image","schema":{"@context":"https:\/\/schema.org","@graph":[{"@type":"WebPage","@id":"https:\/\/transpayplus.com\/?page_id=264","url":"https:\/\/transpayplus.com\/?page_id=264","name":"Contactez-nous - Transpay","isPartOf":{"@id":"https:\/\/transpayplus.com\/#website"},"datePublished":"2025-03-28T07:45:45+00:00","dateModified":"2026-05-01T04:29:48+00:00","breadcrumb":{"@id":"https:\/\/transpayplus.com\/?page_id=264#breadcrumb"},"inLanguage":"fr-FR","potentialAction":[{"@type":"ReadAction","target":["https:\/\/transpayplus.com\/?page_id=264"]}]},{"@type":"BreadcrumbList","@id":"https:\/\/transpayplus.com\/?page_id=264#breadcrumb","itemListElement":[{"@type":"ListItem","position":1,"name":"Accueil","item":"https:\/\/transpayplus.com\/"},{"@type":"ListItem","position":2,"name":"Contactez-nous"}]},{"@type":"WebSite","@id":"https:\/\/transpayplus.com\/#website","url":"https:\/\/transpayplus.com\/","name":"Transpay","description":"","publisher":{"@id":"https:\/\/transpayplus.com\/#organization"},"potentialAction":[{"@type":"SearchAction","target":{"@type":"EntryPoint","urlTemplate":"https:\/\/transpayplus.com\/?s={search_term_string}"},"query-input":{"@type":"PropertyValueSpecification","valueRequired":true,"valueName":"search_term_string"}}],"inLanguage":"fr-FR"},{"@type":"Organization","@id":"https:\/\/transpayplus.com\/#organization","name":"Transpay","url":"https:\/\/transpayplus.com\/","logo":{"@type":"ImageObject","inLanguage":"fr-FR","@id":"https:\/\/transpayplus.com\/#\/schema\/logo\/image\/","url":"https:\/\/transpayplus.com\/wp-content\/uploads\/2026\/04\/cropped-logo-trans-2.png","contentUrl":"https:\/\/transpayplus.com\/wp-content\/uploads\/2026\/04\/cropped-logo-trans-2.png","width":203,"height":34,"caption":"Transpay"},"image":{"@id":"https:\/\/transpayplus.com\/#\/schema\/logo\/image\/"}}]}},"_links":{"self":[{"href":"https:\/\/transpayplus.com\/index.php?rest_route=\/wp\/v2\/pages\/264","targetHints":{"allow":["GET"]}}],"collection":[{"href":"https:\/\/transpayplus.com\/index.php?rest_route=\/wp\/v2\/pages"}],"about":[{"href":"https:\/\/transpayplus.com\/index.php?rest_route=\/wp\/v2\/types\/page"}],"author":[{"embeddable":true,"href":"https:\/\/transpayplus.com\/index.php?rest_route=\/wp\/v2\/users\/1"}],"replies":[{"embeddable":true,"href":"https:\/\/transpayplus.com\/index.php?rest_route=%2Fwp%2Fv2%2Fcomments&post=264"}],"version-history":[{"count":37,"href":"https:\/\/transpayplus.com\/index.php?rest_route=\/wp\/v2\/pages\/264\/revisions"}],"predecessor-version":[{"id":987972,"href":"https:\/\/transpayplus.com\/index.php?rest_route=\/wp\/v2\/pages\/264\/revisions\/987972"}],"wp:attachment":[{"href":"https:\/\/transpayplus.com\/index.php?rest_route=%2Fwp%2Fv2%2Fmedia&parent=264"}],"curies":[{"name":"wp","href":"https:\/\/api.w.org\/{rel}","templated":true}]}}